{"id":165,"date":"2023-09-29T07:54:33","date_gmt":"2023-09-29T05:54:33","guid":{"rendered":"https:\/\/notreetoile.fr\/?page_id=165"},"modified":"2024-12-03T07:04:00","modified_gmt":"2024-12-03T06:04:00","slug":"brochure-tarifs","status":"publish","type":"page","link":"https:\/\/notreetoile.fr\/?page_id=165","title":{"rendered":"Brochure &#038; tarifs"},"content":{"rendered":"<p>Brochure indicative de mes interventions (liste des th\u00e8mes et activit\u00e9s non exhaustive). Pour les professeurs de coll\u00e8ges et lyc\u00e9es souhaitant me faire intervenir par le <strong>PASS CULTURE<\/strong>, <strong>j&#8217;y suis r\u00e9f\u00e9renc\u00e9 par l&#8217;association du Caf\u00e9 des Sciences d&#8217;Avignon.<\/strong><\/p>\n<p><a href=\"https:\/\/notreetoile.fr\/wp-content\/uploads\/2023\/09\/Plaquette-Mediation-Adage-1.jpg\"><img loading=\"lazy\" decoding=\"async\" class=\" wp-image-161 aligncenter\" src=\"https:\/\/notreetoile.fr\/wp-content\/uploads\/2023\/09\/Plaquette-Mediation-Adage-1-300x212.jpg\" alt=\"\" width=\"600\" height=\"424\" srcset=\"https:\/\/notreetoile.fr\/wp-content\/uploads\/2023\/09\/Plaquette-Mediation-Adage-1-300x212.jpg 300w, https:\/\/notreetoile.fr\/wp-content\/uploads\/2023\/09\/Plaquette-Mediation-Adage-1-768x542.jpg 768w, https:\/\/notreetoile.fr\/wp-content\/uploads\/2023\/09\/Plaquette-Mediation-Adage-1.jpg 794w\" sizes=\"auto, (max-width: 600px) 100vw, 600px\" \/><\/a><a href=\"https:\/\/notreetoile.fr\/wp-content\/uploads\/2024\/12\/Mediation-Scientifique-Interventions-avec-Pass-Culture-P2.jpg\"><img loading=\"lazy\" decoding=\"async\" class=\"size-medium wp-image-193 aligncenter\" src=\"https:\/\/notreetoile.fr\/wp-content\/uploads\/2024\/12\/Mediation-Scientifique-Interventions-avec-Pass-Culture-P2-300x212.jpg\" alt=\"\" width=\"600\" height=\"424\" srcset=\"https:\/\/notreetoile.fr\/wp-content\/uploads\/2024\/12\/Mediation-Scientifique-Interventions-avec-Pass-Culture-P2-300x212.jpg 300w, https:\/\/notreetoile.fr\/wp-content\/uploads\/2024\/12\/Mediation-Scientifique-Interventions-avec-Pass-Culture-P2-768x542.jpg 768w, https:\/\/notreetoile.fr\/wp-content\/uploads\/2024\/12\/Mediation-Scientifique-Interventions-avec-Pass-Culture-P2.jpg 794w\" sizes=\"auto, (max-width: 600px) 100vw, 600px\" \/><\/a><a href=\"https:\/\/notreetoile.fr\/wp-content\/uploads\/2024\/12\/Mediation-Scientifique-Interventions-avec-Pass-Culture-P3.jpg\"><img loading=\"lazy\" decoding=\"async\" class=\"wp-image-192 aligncenter\" src=\"https:\/\/notreetoile.fr\/wp-content\/uploads\/2024\/12\/Mediation-Scientifique-Interventions-avec-Pass-Culture-P3-300x212.jpg\" alt=\"\" width=\"600\" height=\"424\" srcset=\"https:\/\/notreetoile.fr\/wp-content\/uploads\/2024\/12\/Mediation-Scientifique-Interventions-avec-Pass-Culture-P3-300x212.jpg 300w, https:\/\/notreetoile.fr\/wp-content\/uploads\/2024\/12\/Mediation-Scientifique-Interventions-avec-Pass-Culture-P3-768x542.jpg 768w, https:\/\/notreetoile.fr\/wp-content\/uploads\/2024\/12\/Mediation-Scientifique-Interventions-avec-Pass-Culture-P3.jpg 794w\" sizes=\"auto, (max-width: 600px) 100vw, 600px\" \/><\/a><\/p>\n","protected":false},"excerpt":{"rendered":"<p>Brochure indicative de mes interventions (liste des th\u00e8mes et activit\u00e9s non exhaustive). Pour les professeurs de coll\u00e8ges et lyc\u00e9es souhaitant me faire intervenir par le PASS CULTURE, j&#8217;y suis r\u00e9f\u00e9renc\u00e9 par l&#8217;association du Caf\u00e9 des Sciences d&#8217;Avignon.<\/p>\n","protected":false},"author":1,"featured_media":0,"parent":30,"menu_order":0,"comment_status":"closed","ping_status":"closed","template":"","meta":{"footnotes":""},"class_list":["post-165","page","type-page","status-publish","czr-hentry"],"_links":{"self":[{"href":"https:\/\/notreetoile.fr\/index.php?rest_route=\/wp\/v2\/pages\/165","targetHints":{"allow":["GET"]}}],"collection":[{"href":"https:\/\/notreetoile.fr\/index.php?rest_route=\/wp\/v2\/pages"}],"about":[{"href":"https:\/\/notreetoile.fr\/index.php?rest_route=\/wp\/v2\/types\/page"}],"author":[{"embeddable":true,"href":"https:\/\/notreetoile.fr\/index.php?rest_route=\/wp\/v2\/users\/1"}],"replies":[{"embeddable":true,"href":"https:\/\/notreetoile.fr\/index.php?rest_route=%2Fwp%2Fv2%2Fcomments&post=165"}],"version-history":[{"count":3,"href":"https:\/\/notreetoile.fr\/index.php?rest_route=\/wp\/v2\/pages\/165\/revisions"}],"predecessor-version":[{"id":194,"href":"https:\/\/notreetoile.fr\/index.php?rest_route=\/wp\/v2\/pages\/165\/revisions\/194"}],"up":[{"embeddable":true,"href":"https:\/\/notreetoile.fr\/index.php?rest_route=\/wp\/v2\/pages\/30"}],"wp:attachment":[{"href":"https:\/\/notreetoile.fr\/index.php?rest_route=%2Fwp%2Fv2%2Fmedia&parent=165"}],"curies":[{"name":"wp","href":"https:\/\/api.w.org\/{rel}","templated":true}]}}