{"id":17,"date":"2023-07-10T12:20:21","date_gmt":"2023-07-10T10:20:21","guid":{"rendered":"https:\/\/notreetoile.fr\/?page_id=17"},"modified":"2023-08-13T07:46:37","modified_gmt":"2023-08-13T05:46:37","slug":"referencement-adage-et-pass-culture","status":"publish","type":"page","link":"https:\/\/notreetoile.fr\/?page_id=17","title":{"rendered":"ADAGE ET PASS CULTURE"},"content":{"rendered":"<div class=\"Post-body\">\n<div class=\"ob-sections\">\n<div class=\"ob-section ob-section-html \">\n<p>Mes interventions dans vos classes de coll\u00e8ge et lyc\u00e9e sont d\u00e9sormais \u00e9ligibles au Pass Culture ! Le r\u00e9f\u00e9rencement ADAGE permet aux \u00e9tablissements de r\u00e9mun\u00e9rer mes conf\u00e9rences, interventions, ateliers, s\u00e9ances de plan\u00e9tarium projet\u00e9es en classe par le Pass Culture.<\/p>\n<figure class=\"image-align-center\"><img decoding=\"async\" class=\"image-size-medium\" src=\"https:\/\/image.over-blog.com\/rh8Lkyzh9oYI6JU9arv2nK3QHa4=\/filters:no_upscale()\/image%2F6829215%2F20230630%2Fob_3f35c2_pass-culture.png\" alt=\"\" data-amp-height=\"276\" data-amp-width=\"694\" \/><\/figure>\n<p>Un grand merci au <strong>Caf\u00e9 des Sciences d&#8217;Avignon<\/strong>, r\u00e9f\u00e9rence locale et nationale de la diffusion de la culture scientifique, qui h\u00e9berge mes offres \u00e0 destination du secondaire sur la plateforme ADAGE.<\/p>\n<figure class=\"image-align-center\"><img decoding=\"async\" class=\"image-size-medium\" src=\"https:\/\/image.over-blog.com\/CuQ50h9rQHxkuuIEH6TYZX2iLGo=\/filters:no_upscale()\/image%2F6829215%2F20230630%2Fob_20b5aa_adage-visu.png\" alt=\"\" data-amp-height=\"273\" data-amp-width=\"368\" \/><\/figure>\n<h3><strong>Il faut donc rechercher &#8220;Caf\u00e9 des Sciences d&#8217;Avignon&#8221; sur le site du Pass Culture afin de trouver mes offres de m\u00e9diation scientifique : interventions, conf\u00e9rences, projections type plan\u00e9tarium, etc.<\/strong><\/h3>\n<figure class=\"image-align-center\"><img decoding=\"async\" class=\"image-size-medium\" src=\"https:\/\/image.over-blog.com\/If7UmJ99XU2bTgNWjzOe_Qlcyaw=\/filters:no_upscale()\/image%2F6829215%2F20230630%2Fob_00b670_logo-cds.jpg\" alt=\"\" data-amp-height=\"158\" data-amp-width=\"230\" \/><\/figure>\n<p>&nbsp;<\/p>\n<\/div>\n<\/div>\n<\/div>\n","protected":false},"excerpt":{"rendered":"<p>Mes interventions dans vos classes de coll\u00e8ge et lyc\u00e9e sont d\u00e9sormais \u00e9ligibles au Pass Culture ! Le r\u00e9f\u00e9rencement ADAGE permet aux \u00e9tablissements de r\u00e9mun\u00e9rer mes conf\u00e9rences, interventions, ateliers, s\u00e9ances de plan\u00e9tarium projet\u00e9es en classe par le Pass Culture. Un grand merci au Caf\u00e9 des Sciences d&#8217;Avignon, r\u00e9f\u00e9rence locale et nationale de la diffusion de la [&hellip;]<\/p>\n","protected":false},"author":1,"featured_media":0,"parent":0,"menu_order":0,"comment_status":"closed","ping_status":"closed","template":"","meta":{"footnotes":""},"class_list":["post-17","page","type-page","status-publish","czr-hentry"],"_links":{"self":[{"href":"https:\/\/notreetoile.fr\/index.php?rest_route=\/wp\/v2\/pages\/17","targetHints":{"allow":["GET"]}}],"collection":[{"href":"https:\/\/notreetoile.fr\/index.php?rest_route=\/wp\/v2\/pages"}],"about":[{"href":"https:\/\/notreetoile.fr\/index.php?rest_route=\/wp\/v2\/types\/page"}],"author":[{"embeddable":true,"href":"https:\/\/notreetoile.fr\/index.php?rest_route=\/wp\/v2\/users\/1"}],"replies":[{"embeddable":true,"href":"https:\/\/notreetoile.fr\/index.php?rest_route=%2Fwp%2Fv2%2Fcomments&post=17"}],"version-history":[{"count":6,"href":"https:\/\/notreetoile.fr\/index.php?rest_route=\/wp\/v2\/pages\/17\/revisions"}],"predecessor-version":[{"id":134,"href":"https:\/\/notreetoile.fr\/index.php?rest_route=\/wp\/v2\/pages\/17\/revisions\/134"}],"wp:attachment":[{"href":"https:\/\/notreetoile.fr\/index.php?rest_route=%2Fwp%2Fv2%2Fmedia&parent=17"}],"curies":[{"name":"wp","href":"https:\/\/api.w.org\/{rel}","templated":true}]}}