{"id":197,"date":"2025-11-12T11:13:22","date_gmt":"2025-11-12T10:13:22","guid":{"rendered":"https:\/\/notreetoile.fr\/?page_id=197"},"modified":"2025-11-12T11:13:22","modified_gmt":"2025-11-12T10:13:22","slug":"observation-astronomique-publique-privee","status":"publish","type":"page","link":"https:\/\/notreetoile.fr\/?page_id=197","title":{"rendered":"Observation astronomique (publique\/priv\u00e9e)"},"content":{"rendered":"<p>&nbsp;<\/p>\n<p><a href=\"https:\/\/notreetoile.fr\/wp-content\/uploads\/2025\/11\/1346-converted-from-png.jpeg\"><img loading=\"lazy\" decoding=\"async\" class=\"alignnone wp-image-199\" src=\"https:\/\/notreetoile.fr\/wp-content\/uploads\/2025\/11\/1346-converted-from-png-300x225.jpeg\" alt=\"\" width=\"283\" height=\"212\" srcset=\"https:\/\/notreetoile.fr\/wp-content\/uploads\/2025\/11\/1346-converted-from-png-300x225.jpeg 300w, https:\/\/notreetoile.fr\/wp-content\/uploads\/2025\/11\/1346-converted-from-png-1024x768.jpeg 1024w, https:\/\/notreetoile.fr\/wp-content\/uploads\/2025\/11\/1346-converted-from-png-768x576.jpeg 768w, https:\/\/notreetoile.fr\/wp-content\/uploads\/2025\/11\/1346-converted-from-png-1536x1152.jpeg 1536w, https:\/\/notreetoile.fr\/wp-content\/uploads\/2025\/11\/1346-converted-from-png-2048x1536.jpeg 2048w\" sizes=\"auto, (max-width: 283px) 100vw, 283px\" \/>\u00a0 \u00a0<\/a><a href=\"https:\/\/notreetoile.fr\/wp-content\/uploads\/2025\/11\/NGC7023-nebuleuse-de-liris-8min-Dragui-converted-from-png.jpeg\"><img loading=\"lazy\" decoding=\"async\" class=\"alignnone wp-image-201\" src=\"https:\/\/notreetoile.fr\/wp-content\/uploads\/2025\/11\/NGC7023-nebuleuse-de-liris-8min-Dragui-converted-from-png-300x300.jpeg\" alt=\"\" width=\"212\" height=\"212\" srcset=\"https:\/\/notreetoile.fr\/wp-content\/uploads\/2025\/11\/NGC7023-nebuleuse-de-liris-8min-Dragui-converted-from-png-300x300.jpeg 300w, https:\/\/notreetoile.fr\/wp-content\/uploads\/2025\/11\/NGC7023-nebuleuse-de-liris-8min-Dragui-converted-from-png-1024x1024.jpeg 1024w, https:\/\/notreetoile.fr\/wp-content\/uploads\/2025\/11\/NGC7023-nebuleuse-de-liris-8min-Dragui-converted-from-png-150x150.jpeg 150w, https:\/\/notreetoile.fr\/wp-content\/uploads\/2025\/11\/NGC7023-nebuleuse-de-liris-8min-Dragui-converted-from-png-768x768.jpeg 768w, https:\/\/notreetoile.fr\/wp-content\/uploads\/2025\/11\/NGC7023-nebuleuse-de-liris-8min-Dragui-converted-from-png-1536x1536.jpeg 1536w, https:\/\/notreetoile.fr\/wp-content\/uploads\/2025\/11\/NGC7023-nebuleuse-de-liris-8min-Dragui-converted-from-png-510x510.jpeg 510w, https:\/\/notreetoile.fr\/wp-content\/uploads\/2025\/11\/NGC7023-nebuleuse-de-liris-8min-Dragui-converted-from-png.jpeg 1869w\" sizes=\"auto, (max-width: 212px) 100vw, 212px\" \/>\u00a0\u00a0 <\/a><a href=\"https:\/\/notreetoile.fr\/wp-content\/uploads\/2025\/11\/M20-trifide-trefle-converted-from-webp.jpeg\"><img loading=\"lazy\" decoding=\"async\" class=\"alignnone wp-image-202\" src=\"https:\/\/notreetoile.fr\/wp-content\/uploads\/2025\/11\/M20-trifide-trefle-converted-from-webp-300x300.jpeg\" alt=\"\" width=\"212\" height=\"212\" srcset=\"https:\/\/notreetoile.fr\/wp-content\/uploads\/2025\/11\/M20-trifide-trefle-converted-from-webp-300x300.jpeg 300w, https:\/\/notreetoile.fr\/wp-content\/uploads\/2025\/11\/M20-trifide-trefle-converted-from-webp-150x150.jpeg 150w, https:\/\/notreetoile.fr\/wp-content\/uploads\/2025\/11\/M20-trifide-trefle-converted-from-webp-768x768.jpeg 768w, https:\/\/notreetoile.fr\/wp-content\/uploads\/2025\/11\/M20-trifide-trefle-converted-from-webp-510x510.jpeg 510w, https:\/\/notreetoile.fr\/wp-content\/uploads\/2025\/11\/M20-trifide-trefle-converted-from-webp.jpeg 824w\" sizes=\"auto, (max-width: 212px) 100vw, 212px\" \/><\/a><a href=\"https:\/\/notreetoile.fr\/wp-content\/uploads\/2025\/11\/NGC7023-nebuleuse-de-liris-8min-Dragui-converted-from-png.jpeg\">\u00a0 \u00a0<\/a><a href=\"https:\/\/notreetoile.fr\/wp-content\/uploads\/2025\/11\/M31-5min-converted-from-png.jpeg\"><img loading=\"lazy\" decoding=\"async\" class=\"alignnone wp-image-203\" src=\"https:\/\/notreetoile.fr\/wp-content\/uploads\/2025\/11\/M31-5min-converted-from-png-300x300.jpeg\" alt=\"\" width=\"212\" height=\"212\" srcset=\"https:\/\/notreetoile.fr\/wp-content\/uploads\/2025\/11\/M31-5min-converted-from-png-300x300.jpeg 300w, https:\/\/notreetoile.fr\/wp-content\/uploads\/2025\/11\/M31-5min-converted-from-png-1024x1024.jpeg 1024w, https:\/\/notreetoile.fr\/wp-content\/uploads\/2025\/11\/M31-5min-converted-from-png-150x150.jpeg 150w, https:\/\/notreetoile.fr\/wp-content\/uploads\/2025\/11\/M31-5min-converted-from-png-768x768.jpeg 768w, https:\/\/notreetoile.fr\/wp-content\/uploads\/2025\/11\/M31-5min-converted-from-png-1536x1536.jpeg 1536w, https:\/\/notreetoile.fr\/wp-content\/uploads\/2025\/11\/M31-5min-converted-from-png-510x510.jpeg 510w, https:\/\/notreetoile.fr\/wp-content\/uploads\/2025\/11\/M31-5min-converted-from-png.jpeg 1869w\" sizes=\"auto, (max-width: 212px) 100vw, 212px\" \/><\/a><\/p>\n<p>Apprendre \u00e0 reconna\u00eetre les \u00e9toiles, constellations et observer ce qu&#8217;elles cachent \u00e0 nos yeux avec un t\u00e9lescope est toujours un \u00e9merveillement.<\/p>\n<p><strong>Nous proposons des s\u00e9ances d&#8217;observations publiques, pour les associations, mairies et tout type de collectivit\u00e9s ou entreprises<\/strong>.<\/p>\n<p><strong>Il est aussi possible d&#8217;organiser une observation du ciel directement chez vous<\/strong>, si vous poss\u00e9dez un jardin et un bon acc\u00e8s au ciel.<\/p>\n<p>Nous disposons de plusieurs outils particuli\u00e8rement adapt\u00e9s :<\/p>\n<p>&#8211; laser vert pour les constellations.<\/p>\n<p>&#8211; logiciels pour mieux appr\u00e9hender le ciel en direct.<\/p>\n<p>&#8211; des t\u00e9lescopes traditionnels (C8 Celestron 200mm) et des t\u00e9lescopes num\u00e9riques (Odyssey Pro et Seestar S50) qui permettent de r\u00e9v\u00e9ler les couleurs et d\u00e9tails incroyables des galaxies et n\u00e9buleuses.<\/p>\n<p>Les t\u00e9lescopes traditionnels sont parfait pour d\u00e9couvrir l&#8217;incroyable majest\u00e9 de Jupiter ou des anneaux de Saturne, alors qu&#8217;avec les t\u00e9lescopes connect\u00e9s vous pourrez conserver de v\u00e9ritables astrophotographies telles que celles qui sont post\u00e9es sur cette page !<\/p>\n<p><strong>Pour l&#8217;organisation d&#8217;une telle observation, merci de me contacter par mail : bricehaziza84@gmail.com ou par t\u00e9l\u00e9phone au 06 20 07 04 64<\/strong><\/p>\n<div style=\"display: flex; flex-direction: row; justify-content: flex-start; gap: 15px; flex-wrap: wrap; align-items: center;\">\n<p><a style=\"margin: 0; padding: 0; line-height: 0;\" href=\"https:\/\/notreetoile.fr\/wp-content\/uploads\/2025\/11\/1718958128969.jpg\"><br \/>\n<img loading=\"lazy\" decoding=\"async\" class=\"size-medium wp-image-207\" style=\"display: block; vertical-align: middle;\" src=\"https:\/\/notreetoile.fr\/wp-content\/uploads\/2025\/11\/1718958128969-169x300.jpg\" alt=\"Description premi\u00e8re image\" width=\"169\" height=\"300\" srcset=\"https:\/\/notreetoile.fr\/wp-content\/uploads\/2025\/11\/1718958128969-169x300.jpg 169w, https:\/\/notreetoile.fr\/wp-content\/uploads\/2025\/11\/1718958128969-576x1024.jpg 576w, https:\/\/notreetoile.fr\/wp-content\/uploads\/2025\/11\/1718958128969-768x1365.jpg 768w, https:\/\/notreetoile.fr\/wp-content\/uploads\/2025\/11\/1718958128969-864x1536.jpg 864w, https:\/\/notreetoile.fr\/wp-content\/uploads\/2025\/11\/1718958128969.jpg 1080w\" sizes=\"auto, (max-width: 169px) 100vw, 169px\" \/><br \/>\n<\/a><\/p>\n<p><a style=\"margin: 0; padding: 0; line-height: 0;\" href=\"https:\/\/notreetoile.fr\/wp-content\/uploads\/2025\/11\/M42-S50.jpg\"><br \/>\n<img loading=\"lazy\" decoding=\"async\" class=\"size-medium wp-image-208\" style=\"display: block; vertical-align: middle;\" src=\"https:\/\/notreetoile.fr\/wp-content\/uploads\/2025\/11\/M42-S50-169x300.jpg\" alt=\"Description deuxi\u00e8me image\" width=\"169\" height=\"300\" srcset=\"https:\/\/notreetoile.fr\/wp-content\/uploads\/2025\/11\/M42-S50-169x300.jpg 169w, https:\/\/notreetoile.fr\/wp-content\/uploads\/2025\/11\/M42-S50-576x1024.jpg 576w, https:\/\/notreetoile.fr\/wp-content\/uploads\/2025\/11\/M42-S50-768x1365.jpg 768w, https:\/\/notreetoile.fr\/wp-content\/uploads\/2025\/11\/M42-S50-864x1536.jpg 864w, https:\/\/notreetoile.fr\/wp-content\/uploads\/2025\/11\/M42-S50.jpg 1080w\" sizes=\"auto, (max-width: 169px) 100vw, 169px\" \/><br \/>\n<\/a><\/p>\n<p><a style=\"margin: 0; padding: 0; line-height: 0;\" href=\"https:\/\/notreetoile.fr\/wp-content\/uploads\/2025\/11\/Flamme-S50.jpg\"><br \/>\n<img loading=\"lazy\" decoding=\"async\" class=\"size-medium wp-image-210\" style=\"display: block; vertical-align: middle;\" src=\"https:\/\/notreetoile.fr\/wp-content\/uploads\/2025\/11\/Flamme-S50-169x300.jpg\" alt=\"Description troisi\u00e8me image\" width=\"169\" height=\"300\" srcset=\"https:\/\/notreetoile.fr\/wp-content\/uploads\/2025\/11\/Flamme-S50-169x300.jpg 169w, https:\/\/notreetoile.fr\/wp-content\/uploads\/2025\/11\/Flamme-S50-576x1024.jpg 576w, https:\/\/notreetoile.fr\/wp-content\/uploads\/2025\/11\/Flamme-S50-768x1365.jpg 768w, https:\/\/notreetoile.fr\/wp-content\/uploads\/2025\/11\/Flamme-S50-864x1536.jpg 864w, https:\/\/notreetoile.fr\/wp-content\/uploads\/2025\/11\/Flamme-S50.jpg 1080w\" sizes=\"auto, (max-width: 169px) 100vw, 169px\" \/><br \/>\n<\/a><\/p>\n<p><a style=\"margin: 0; padding: 0; line-height: 0;\" href=\"https:\/\/notreetoile.fr\/wp-content\/uploads\/2025\/11\/Tsuchinshan-Atlas-final.jpg\"><br \/>\n<img loading=\"lazy\" decoding=\"async\" class=\"size-medium wp-image-211\" style=\"display: block; vertical-align: middle;\" src=\"https:\/\/notreetoile.fr\/wp-content\/uploads\/2025\/11\/Tsuchinshan-Atlas-final-182x300.jpg\" alt=\"Description quatri\u00e8me image\" width=\"182\" height=\"300\" srcset=\"https:\/\/notreetoile.fr\/wp-content\/uploads\/2025\/11\/Tsuchinshan-Atlas-final-182x300.jpg 182w, https:\/\/notreetoile.fr\/wp-content\/uploads\/2025\/11\/Tsuchinshan-Atlas-final-623x1024.jpg 623w, https:\/\/notreetoile.fr\/wp-content\/uploads\/2025\/11\/Tsuchinshan-Atlas-final-768x1263.jpg 768w, https:\/\/notreetoile.fr\/wp-content\/uploads\/2025\/11\/Tsuchinshan-Atlas-final-934x1536.jpg 934w, https:\/\/notreetoile.fr\/wp-content\/uploads\/2025\/11\/Tsuchinshan-Atlas-final.jpg 1034w\" sizes=\"auto, (max-width: 182px) 100vw, 182px\" \/><br \/>\n<\/a><\/p>\n<\/div>\n","protected":false},"excerpt":{"rendered":"<p>&nbsp; \u00a0 \u00a0\u00a0\u00a0 \u00a0 \u00a0 Apprendre \u00e0 reconna\u00eetre les \u00e9toiles, constellations et observer ce qu&#8217;elles cachent \u00e0 nos yeux avec un t\u00e9lescope est toujours un \u00e9merveillement. Nous proposons des s\u00e9ances d&#8217;observations publiques, pour les associations, mairies et tout type de collectivit\u00e9s ou entreprises. Il est aussi possible d&#8217;organiser une observation du ciel directement chez vous, [&hellip;]<\/p>\n","protected":false},"author":1,"featured_media":0,"parent":0,"menu_order":0,"comment_status":"closed","ping_status":"closed","template":"","meta":{"footnotes":""},"class_list":["post-197","page","type-page","status-publish","czr-hentry"],"_links":{"self":[{"href":"https:\/\/notreetoile.fr\/index.php?rest_route=\/wp\/v2\/pages\/197","targetHints":{"allow":["GET"]}}],"collection":[{"href":"https:\/\/notreetoile.fr\/index.php?rest_route=\/wp\/v2\/pages"}],"about":[{"href":"https:\/\/notreetoile.fr\/index.php?rest_route=\/wp\/v2\/types\/page"}],"author":[{"embeddable":true,"href":"https:\/\/notreetoile.fr\/index.php?rest_route=\/wp\/v2\/users\/1"}],"replies":[{"embeddable":true,"href":"https:\/\/notreetoile.fr\/index.php?rest_route=%2Fwp%2Fv2%2Fcomments&post=197"}],"version-history":[{"count":13,"href":"https:\/\/notreetoile.fr\/index.php?rest_route=\/wp\/v2\/pages\/197\/revisions"}],"predecessor-version":[{"id":220,"href":"https:\/\/notreetoile.fr\/index.php?rest_route=\/wp\/v2\/pages\/197\/revisions\/220"}],"wp:attachment":[{"href":"https:\/\/notreetoile.fr\/index.php?rest_route=%2Fwp%2Fv2%2Fmedia&parent=197"}],"curies":[{"name":"wp","href":"https:\/\/api.w.org\/{rel}","templated":true}]}}