{"id":25,"date":"2023-07-10T12:24:05","date_gmt":"2023-07-10T10:24:05","guid":{"rendered":"https:\/\/notreetoile.fr\/?page_id=25"},"modified":"2023-09-29T10:36:26","modified_gmt":"2023-09-29T08:36:26","slug":"seances-de-planetarium-en-streaming","status":"publish","type":"page","link":"https:\/\/notreetoile.fr\/?page_id=25","title":{"rendered":"S\u00c9ANCES DE PLAN\u00c9TARIUM PROJET\u00c9"},"content":{"rendered":"<h2 class=\"Post-date\" style=\"text-align: center;\"><strong>Faites entrer tout l&#8217;Univers dans votre salle de classe !<\/strong><\/h2>\n<p style=\"text-align: center;\">(\u00e0 l&#8217;aide d&#8217;un simple projecteur ou \u00e9cran type ENI)<\/p>\n<p>&nbsp;<\/p>\n<div id='gallery-1' class='czr-gallery row flex-row czr-gallery-style gallery galleryid-25 gallery-columns-4 gallery-size-thumbnail'><figure class='gallery-item col col-auto'>\r\n                        <div class='gallery-icon landscape czr-gallery-icon'>\r\n                              <a href=https:\/\/notreetoile.fr\/?attachment_id=183 class=\"bg-link\"><\/a><img loading=\"lazy\" decoding=\"async\" width=\"150\" height=\"150\" src=\"https:\/\/notreetoile.fr\/wp-content\/uploads\/2023\/09\/Terre-rebondit-sur-Lune-150x150.jpg\" class=\"attachment-thumbnail size-thumbnail\" alt=\"\" sizes=\"auto, (min-width: 1200px) 183.75px, (min-width: 992px) 150px, (min-width: 576px) 105px, calc( 50vw - 30px )\" srcset=\"https:\/\/notreetoile.fr\/wp-content\/uploads\/2023\/09\/Terre-rebondit-sur-Lune-150x150.jpg 150w, https:\/\/notreetoile.fr\/wp-content\/uploads\/2023\/09\/Terre-rebondit-sur-Lune-510x510.jpg 510w\" \/><div class=\"post-action btn btn-skin-dark-shaded inverted\"><a href=\"https:\/\/notreetoile.fr\/wp-content\/uploads\/2023\/09\/Terre-rebondit-sur-Lune.jpg\" class=\"icn-expand\" data-lb-type=\"grouped-gallery\"><\/a><\/div>\r\n                        <\/div><\/figure><figure class='gallery-item col col-auto'>\r\n                        <div class='gallery-icon landscape czr-gallery-icon'>\r\n                              <a href=https:\/\/notreetoile.fr\/?attachment_id=181 class=\"bg-link\"><\/a><img loading=\"lazy\" decoding=\"async\" width=\"150\" height=\"150\" src=\"https:\/\/notreetoile.fr\/wp-content\/uploads\/2023\/09\/Perseverance-150x150.jpg\" class=\"attachment-thumbnail size-thumbnail\" alt=\"\" sizes=\"auto, (min-width: 1200px) 183.75px, (min-width: 992px) 150px, (min-width: 576px) 105px, calc( 50vw - 30px )\" srcset=\"https:\/\/notreetoile.fr\/wp-content\/uploads\/2023\/09\/Perseverance-150x150.jpg 150w, https:\/\/notreetoile.fr\/wp-content\/uploads\/2023\/09\/Perseverance-510x510.jpg 510w\" \/><div class=\"post-action btn btn-skin-dark-shaded inverted\"><a href=\"https:\/\/notreetoile.fr\/wp-content\/uploads\/2023\/09\/Perseverance.jpg\" class=\"icn-expand\" data-lb-type=\"grouped-gallery\"><\/a><\/div>\r\n                        <\/div><\/figure><figure class='gallery-item col col-auto'>\r\n                        <div class='gallery-icon landscape czr-gallery-icon'>\r\n                              <a href=https:\/\/notreetoile.fr\/?attachment_id=175 class=\"bg-link\"><\/a><img loading=\"lazy\" decoding=\"async\" width=\"150\" height=\"150\" src=\"https:\/\/notreetoile.fr\/wp-content\/uploads\/2023\/09\/Europe-Jupi-150x150.jpg\" class=\"attachment-thumbnail size-thumbnail\" alt=\"\" sizes=\"auto, (min-width: 1200px) 183.75px, (min-width: 992px) 150px, (min-width: 576px) 105px, calc( 50vw - 30px )\" srcset=\"https:\/\/notreetoile.fr\/wp-content\/uploads\/2023\/09\/Europe-Jupi-150x150.jpg 150w, https:\/\/notreetoile.fr\/wp-content\/uploads\/2023\/09\/Europe-Jupi-510x510.jpg 510w\" \/><div class=\"post-action btn btn-skin-dark-shaded inverted\"><a href=\"https:\/\/notreetoile.fr\/wp-content\/uploads\/2023\/09\/Europe-Jupi.jpg\" class=\"icn-expand\" data-lb-type=\"grouped-gallery\"><\/a><\/div>\r\n                        <\/div><\/figure><figure class='gallery-item col col-auto'>\r\n                        <div class='gallery-icon landscape czr-gallery-icon'>\r\n                              <a href=https:\/\/notreetoile.fr\/?attachment_id=172 class=\"bg-link\"><\/a><img loading=\"lazy\" decoding=\"async\" width=\"150\" height=\"150\" src=\"https:\/\/notreetoile.fr\/wp-content\/uploads\/2023\/09\/sat-dip-5-150x150.jpg\" class=\"attachment-thumbnail size-thumbnail\" alt=\"\" sizes=\"auto, (min-width: 1200px) 183.75px, (min-width: 992px) 150px, (min-width: 576px) 105px, calc( 50vw - 30px )\" srcset=\"https:\/\/notreetoile.fr\/wp-content\/uploads\/2023\/09\/sat-dip-5-150x150.jpg 150w, https:\/\/notreetoile.fr\/wp-content\/uploads\/2023\/09\/sat-dip-5-510x510.jpg 510w\" \/><div class=\"post-action btn btn-skin-dark-shaded inverted\"><a href=\"https:\/\/notreetoile.fr\/wp-content\/uploads\/2023\/09\/sat-dip-5.jpg\" class=\"icn-expand\" data-lb-type=\"grouped-gallery\"><\/a><\/div>\r\n                        <\/div><\/figure><figure class='gallery-item col col-auto'>\r\n                        <div class='gallery-icon landscape czr-gallery-icon'>\r\n                              <a href=https:\/\/notreetoile.fr\/?attachment_id=178 class=\"bg-link\"><\/a><img loading=\"lazy\" decoding=\"async\" width=\"150\" height=\"150\" src=\"https:\/\/notreetoile.fr\/wp-content\/uploads\/2023\/09\/M-42-Orion-150x150.jpg\" class=\"attachment-thumbnail size-thumbnail\" alt=\"\" sizes=\"auto, (min-width: 1200px) 183.75px, (min-width: 992px) 150px, (min-width: 576px) 105px, calc( 50vw - 30px )\" srcset=\"https:\/\/notreetoile.fr\/wp-content\/uploads\/2023\/09\/M-42-Orion-150x150.jpg 150w, https:\/\/notreetoile.fr\/wp-content\/uploads\/2023\/09\/M-42-Orion-510x510.jpg 510w\" \/><div class=\"post-action btn btn-skin-dark-shaded inverted\"><a href=\"https:\/\/notreetoile.fr\/wp-content\/uploads\/2023\/09\/M-42-Orion.jpg\" class=\"icn-expand\" data-lb-type=\"grouped-gallery\"><\/a><\/div>\r\n                        <\/div><\/figure><figure class='gallery-item col col-auto'>\r\n                        <div class='gallery-icon landscape czr-gallery-icon'>\r\n                              <a href=https:\/\/notreetoile.fr\/?attachment_id=184 class=\"bg-link\"><\/a><img loading=\"lazy\" decoding=\"async\" width=\"150\" height=\"150\" src=\"https:\/\/notreetoile.fr\/wp-content\/uploads\/2023\/09\/Voie-Lactee-2-150x150.jpg\" class=\"attachment-thumbnail size-thumbnail\" alt=\"\" sizes=\"auto, (min-width: 1200px) 183.75px, (min-width: 992px) 150px, (min-width: 576px) 105px, calc( 50vw - 30px )\" srcset=\"https:\/\/notreetoile.fr\/wp-content\/uploads\/2023\/09\/Voie-Lactee-2-150x150.jpg 150w, https:\/\/notreetoile.fr\/wp-content\/uploads\/2023\/09\/Voie-Lactee-2-510x510.jpg 510w\" \/><div class=\"post-action btn btn-skin-dark-shaded inverted\"><a href=\"https:\/\/notreetoile.fr\/wp-content\/uploads\/2023\/09\/Voie-Lactee-2.jpg\" class=\"icn-expand\" data-lb-type=\"grouped-gallery\"><\/a><\/div>\r\n                        <\/div><\/figure><figure class='gallery-item col col-auto'>\r\n                        <div class='gallery-icon landscape czr-gallery-icon'>\r\n                              <a href=https:\/\/notreetoile.fr\/?attachment_id=180 class=\"bg-link\"><\/a><img loading=\"lazy\" decoding=\"async\" width=\"150\" height=\"150\" src=\"https:\/\/notreetoile.fr\/wp-content\/uploads\/2023\/09\/M81-M-82-150x150.jpg\" class=\"attachment-thumbnail size-thumbnail\" alt=\"\" sizes=\"auto, (min-width: 1200px) 183.75px, (min-width: 992px) 150px, (min-width: 576px) 105px, calc( 50vw - 30px )\" srcset=\"https:\/\/notreetoile.fr\/wp-content\/uploads\/2023\/09\/M81-M-82-150x150.jpg 150w, https:\/\/notreetoile.fr\/wp-content\/uploads\/2023\/09\/M81-M-82-510x510.jpg 510w\" \/><div class=\"post-action btn btn-skin-dark-shaded inverted\"><a href=\"https:\/\/notreetoile.fr\/wp-content\/uploads\/2023\/09\/M81-M-82.jpg\" class=\"icn-expand\" data-lb-type=\"grouped-gallery\"><\/a><\/div>\r\n                        <\/div><\/figure><figure class='gallery-item col col-auto'>\r\n                        <div class='gallery-icon landscape czr-gallery-icon'>\r\n                              <a href=https:\/\/notreetoile.fr\/?attachment_id=176 class=\"bg-link\"><\/a><img loading=\"lazy\" decoding=\"async\" width=\"150\" height=\"150\" src=\"https:\/\/notreetoile.fr\/wp-content\/uploads\/2023\/09\/ilots-galactiques-150x150.jpg\" class=\"attachment-thumbnail size-thumbnail\" alt=\"\" sizes=\"auto, (min-width: 1200px) 183.75px, (min-width: 992px) 150px, (min-width: 576px) 105px, calc( 50vw - 30px )\" srcset=\"https:\/\/notreetoile.fr\/wp-content\/uploads\/2023\/09\/ilots-galactiques-150x150.jpg 150w, https:\/\/notreetoile.fr\/wp-content\/uploads\/2023\/09\/ilots-galactiques-510x510.jpg 510w\" \/><div class=\"post-action btn btn-skin-dark-shaded inverted\"><a href=\"https:\/\/notreetoile.fr\/wp-content\/uploads\/2023\/09\/ilots-galactiques.jpg\" class=\"icn-expand\" data-lb-type=\"grouped-gallery\"><\/a><\/div>\r\n                        <\/div><\/figure>\r\n                  <\/div>\n\n<p>Avec l&#8217;exp\u00e9rience professionnelle de six ans d&#8217;animation d&#8217;un plan\u00e9tarium qui recevait du public scolaire et priv\u00e9, je propose d\u00e9sormais de venir dans votre \u00e9tablissement (avec le puissant logiciel &#8220;Space Engine&#8221; et &#8220;Stellarium&#8221; pour les constellations) pour offrir des visites comment\u00e9es de tout le Syst\u00e8me solaire, des aurores polaires \u00e0 la Station Spatiale en passant par Mars, Jupiter ou les anneaux de Saturne jusqu&#8217;aux n\u00e9buleuses les plus impressionnantes de notre Voie Lact\u00e9e et m\u00eame par-del\u00e0 les amas de galaxies lointains !<\/p>\n<p class=\"Post-author\">Ce support est id\u00e9al pour prendre conscience de la diversit\u00e9 de l&#8217;Univers, du nombre colossal de ses exoplan\u00e8tes, de la taille des \u00e9toiles g\u00e9antes pr\u00eates \u00e0 exploser, des astres \u00e9tranges comme les trous noirs ou de l&#8217;incroyable immensit\u00e9 de la toile galactique.<\/p>\n<p>Le seul mat\u00e9riel n\u00e9cessaire pour votre \u00e9tablissement sera une salle assez sombre, un vid\u00e9oprojecteur et un \u00e9cran mural ainsi qu&#8217;une prise HDMI ou VGA afin d&#8217;y connecter mon ordinateur portable.<\/p>\n<h4>Offre accessible par le PASS CULTURE (enregistr\u00e9e sous &#8220;Caf\u00e9 des Sciences d&#8217;Avignon&#8221;)<\/h4>\n<div class=\"Post-body\">\n<div class=\"ob-sections\">\n<div class=\"ob-section ob-section-html \">\n<p>&nbsp;<\/p>\n<figure class=\"image-align-center\"><img decoding=\"async\" class=\"image-size-medium\" src=\"https:\/\/image.over-blog.com\/ULyeIW6uvy6Dy4Vz-wr7namYg4w=\/filters:no_upscale()\/image%2F6829215%2F20230204%2Fob_f90ca4_aurores-boreales.jpg\" alt=\"\" data-amp-height=\"826\" data-amp-width=\"1600\" \/><\/figure>\n<p>&nbsp;<\/p>\n<figure class=\"image-align-center\"><img decoding=\"async\" class=\"image-size-medium\" src=\"https:\/\/image.over-blog.com\/JtWkFuKG-fltTsGA7w46FwtV6xc=\/filters:no_upscale()\/image%2F6829215%2F20230204%2Fob_4cbe91_jupi-adra-2.jpg\" alt=\"\" data-amp-height=\"826\" data-amp-width=\"1600\" \/><\/figure>\n<p>&nbsp;<\/p>\n<figure class=\"image-align-center\"><img decoding=\"async\" class=\"image-size-large\" src=\"https:\/\/image.over-blog.com\/40kV_ED9gMeqQYzVW5WTlQHTYsw=\/filters:no_upscale()\/image%2F6829215%2F20230204%2Fob_c8165b_m-51-black-hole.jpg\" alt=\"\" data-amp-height=\"826\" data-amp-width=\"1600\" \/><\/figure>\n<p>(Toutes les images sont issues du logiciel de plan\u00e9tarium Space Engine utilis\u00e9 lors des interventions)<\/p>\n<\/div>\n<\/div>\n<\/div>\n","protected":false},"excerpt":{"rendered":"<p>Faites entrer tout l&#8217;Univers dans votre salle de classe ! (\u00e0 l&#8217;aide d&#8217;un simple projecteur ou \u00e9cran type ENI) &nbsp; Avec l&#8217;exp\u00e9rience professionnelle de six ans d&#8217;animation d&#8217;un plan\u00e9tarium qui recevait du public scolaire et priv\u00e9, je propose d\u00e9sormais de venir dans votre \u00e9tablissement (avec le puissant logiciel &#8220;Space Engine&#8221; et &#8220;Stellarium&#8221; pour les constellations) [&hellip;]<\/p>\n","protected":false},"author":1,"featured_media":0,"parent":0,"menu_order":0,"comment_status":"closed","ping_status":"closed","template":"","meta":{"footnotes":""},"class_list":["post-25","page","type-page","status-publish","czr-hentry"],"_links":{"self":[{"href":"https:\/\/notreetoile.fr\/index.php?rest_route=\/wp\/v2\/pages\/25","targetHints":{"allow":["GET"]}}],"collection":[{"href":"https:\/\/notreetoile.fr\/index.php?rest_route=\/wp\/v2\/pages"}],"about":[{"href":"https:\/\/notreetoile.fr\/index.php?rest_route=\/wp\/v2\/types\/page"}],"author":[{"embeddable":true,"href":"https:\/\/notreetoile.fr\/index.php?rest_route=\/wp\/v2\/users\/1"}],"replies":[{"embeddable":true,"href":"https:\/\/notreetoile.fr\/index.php?rest_route=%2Fwp%2Fv2%2Fcomments&post=25"}],"version-history":[{"count":5,"href":"https:\/\/notreetoile.fr\/index.php?rest_route=\/wp\/v2\/pages\/25\/revisions"}],"predecessor-version":[{"id":187,"href":"https:\/\/notreetoile.fr\/index.php?rest_route=\/wp\/v2\/pages\/25\/revisions\/187"}],"wp:attachment":[{"href":"https:\/\/notreetoile.fr\/index.php?rest_route=%2Fwp%2Fv2%2Fmedia&parent=25"}],"curies":[{"name":"wp","href":"https:\/\/api.w.org\/{rel}","templated":true}]}}