{"id":30,"date":"2023-07-10T12:34:14","date_gmt":"2023-07-10T10:34:14","guid":{"rendered":"https:\/\/notreetoile.fr\/?page_id=30"},"modified":"2023-09-29T07:51:53","modified_gmt":"2023-09-29T05:51:53","slug":"interventions","status":"publish","type":"page","link":"https:\/\/notreetoile.fr\/?page_id=30","title":{"rendered":"Interventions"},"content":{"rendered":"<p style=\"text-align: center;\">Brochure indicative de mes interventions (liste des th\u00e8mes et activit\u00e9s non exhaustive). Pour les professeurs de coll\u00e8ges et lyc\u00e9es souhaitant me faire intervenir par le <strong>PASS CULTURE<\/strong>, <strong>j&#8217;y suis r\u00e9f\u00e9renc\u00e9 par l&#8217;association du Caf\u00e9 des Sciences d&#8217;Avignon.<\/strong><\/p>\n<p><a href=\"https:\/\/notreetoile.fr\/wp-content\/uploads\/2023\/09\/Plaquette-Mediation-Adage-1.jpg\"><img loading=\"lazy\" decoding=\"async\" class=\" wp-image-161 aligncenter\" src=\"https:\/\/notreetoile.fr\/wp-content\/uploads\/2023\/09\/Plaquette-Mediation-Adage-1-300x212.jpg\" alt=\"\" width=\"600\" height=\"424\" srcset=\"https:\/\/notreetoile.fr\/wp-content\/uploads\/2023\/09\/Plaquette-Mediation-Adage-1-300x212.jpg 300w, https:\/\/notreetoile.fr\/wp-content\/uploads\/2023\/09\/Plaquette-Mediation-Adage-1-768x542.jpg 768w, https:\/\/notreetoile.fr\/wp-content\/uploads\/2023\/09\/Plaquette-Mediation-Adage-1.jpg 794w\" sizes=\"auto, (max-width: 600px) 100vw, 600px\" \/><\/a><a href=\"https:\/\/notreetoile.fr\/wp-content\/uploads\/2023\/09\/Plaquette-Mediation-Adage-2.jpg\"><img loading=\"lazy\" decoding=\"async\" class=\" wp-image-162 aligncenter\" src=\"https:\/\/notreetoile.fr\/wp-content\/uploads\/2023\/09\/Plaquette-Mediation-Adage-2-300x212.jpg\" alt=\"\" width=\"600\" height=\"424\" srcset=\"https:\/\/notreetoile.fr\/wp-content\/uploads\/2023\/09\/Plaquette-Mediation-Adage-2-300x212.jpg 300w, https:\/\/notreetoile.fr\/wp-content\/uploads\/2023\/09\/Plaquette-Mediation-Adage-2-768x542.jpg 768w, https:\/\/notreetoile.fr\/wp-content\/uploads\/2023\/09\/Plaquette-Mediation-Adage-2.jpg 794w\" sizes=\"auto, (max-width: 600px) 100vw, 600px\" \/><\/a><a href=\"https:\/\/notreetoile.fr\/wp-content\/uploads\/2023\/09\/Plaquette-Mediation-Adage-3.jpg\"><img loading=\"lazy\" decoding=\"async\" class=\" wp-image-163 aligncenter\" src=\"https:\/\/notreetoile.fr\/wp-content\/uploads\/2023\/09\/Plaquette-Mediation-Adage-3-300x212.jpg\" alt=\"\" width=\"600\" height=\"424\" srcset=\"https:\/\/notreetoile.fr\/wp-content\/uploads\/2023\/09\/Plaquette-Mediation-Adage-3-300x212.jpg 300w, https:\/\/notreetoile.fr\/wp-content\/uploads\/2023\/09\/Plaquette-Mediation-Adage-3-768x542.jpg 768w, https:\/\/notreetoile.fr\/wp-content\/uploads\/2023\/09\/Plaquette-Mediation-Adage-3.jpg 794w\" sizes=\"auto, (max-width: 600px) 100vw, 600px\" \/><\/a><\/p>\n","protected":false},"excerpt":{"rendered":"<p>Brochure indicative de mes interventions (liste des th\u00e8mes et activit\u00e9s non exhaustive). Pour les professeurs de coll\u00e8ges et lyc\u00e9es souhaitant me faire intervenir par le PASS CULTURE, j&#8217;y suis r\u00e9f\u00e9renc\u00e9 par l&#8217;association du Caf\u00e9 des Sciences d&#8217;Avignon.<\/p>\n","protected":false},"author":1,"featured_media":0,"parent":0,"menu_order":0,"comment_status":"closed","ping_status":"closed","template":"","meta":{"footnotes":""},"class_list":["post-30","page","type-page","status-publish","czr-hentry"],"_links":{"self":[{"href":"https:\/\/notreetoile.fr\/index.php?rest_route=\/wp\/v2\/pages\/30","targetHints":{"allow":["GET"]}}],"collection":[{"href":"https:\/\/notreetoile.fr\/index.php?rest_route=\/wp\/v2\/pages"}],"about":[{"href":"https:\/\/notreetoile.fr\/index.php?rest_route=\/wp\/v2\/types\/page"}],"author":[{"embeddable":true,"href":"https:\/\/notreetoile.fr\/index.php?rest_route=\/wp\/v2\/users\/1"}],"replies":[{"embeddable":true,"href":"https:\/\/notreetoile.fr\/index.php?rest_route=%2Fwp%2Fv2%2Fcomments&post=30"}],"version-history":[{"count":4,"href":"https:\/\/notreetoile.fr\/index.php?rest_route=\/wp\/v2\/pages\/30\/revisions"}],"predecessor-version":[{"id":164,"href":"https:\/\/notreetoile.fr\/index.php?rest_route=\/wp\/v2\/pages\/30\/revisions\/164"}],"wp:attachment":[{"href":"https:\/\/notreetoile.fr\/index.php?rest_route=%2Fwp%2Fv2%2Fmedia&parent=30"}],"curies":[{"name":"wp","href":"https:\/\/api.w.org\/{rel}","templated":true}]}}