{"id":34,"date":"2023-07-10T12:36:13","date_gmt":"2023-07-10T10:36:13","guid":{"rendered":"https:\/\/notreetoile.fr\/?page_id=34"},"modified":"2025-02-08T05:37:35","modified_gmt":"2025-02-08T04:37:35","slug":"presentation","status":"publish","type":"page","link":"https:\/\/notreetoile.fr\/?page_id=34","title":{"rendered":"Pr\u00e9sentation"},"content":{"rendered":"<h2>Ils parlent de nos interventions :<\/h2>\n<p><a href=\"https:\/\/www.site.ac-aix-marseille.fr\/lyc-char\/spip\/Astronomie-rencontre-avec-Mr-Haziza.html\">Lyc\u00e9e Ren\u00e9 Char, pour &#8220;Le futur de la conqu\u00eate spatiale<\/a>&#8221;<\/p>\n<p><a href=\"https:\/\/alpilles-durance.org\/linvention-du-temps\/\">Coll\u00e8ge Alpilles-Durance pour &#8220;L&#8217;invention du temps&#8221;<\/a><\/p>\n<p><a href=\"https:\/\/clg-viala.aucollege84.vaucluse.fr\/l-etablissement\/actualites\/conferences-scientifiques-par-brice-haziza-707.htm\">Coll\u00e8ge Viala pour 2 conf\u00e9rences<\/a><\/p>\n<h2>Universit\u00e9s \/ Lyc\u00e9es \/ Coll\u00e8ges \/ \u00c9coles avec qui nous travaillons :<\/h2>\n<p>IUT Brabois &#8211; Lyc\u00e9e Genevi\u00e8ve Anthonioz de Gaulle &#8211; Lyc\u00e9e Jean d&#8217;Ormesson &#8211; Lyc\u00e9e Ren\u00e9 Char &#8211; Coll. du Mourion &#8211; Coll. Lou Vignar\u00e8s &#8211; Coll. Lou Calavoun &#8211; Coll. Alpilles-Durance &#8211; Coll. Ste Marthe &#8211; Coll. Voltaire &#8211; Coll. Viala &#8211; Coll. Fran\u00e7oise Dolto &#8211; Coll. Jean Brunet &#8211; Coll. Alphonse Tavan &#8211; Coll. Ann Frank &#8211; Coll. Jean Rostand &#8211; \u00c9cole Mistral &#8211; \u00c9cole Amandier (p\u00e9riscolaire) &#8211; \u00c9cole Ste Catherine (p\u00e9riscolaire) &#8211; \u00c9cole Rotonde (p\u00e9riscolaire) &#8211; \u00c9cole St Gabriel (p\u00e9riscolaire) &#8211; \u00c9cole Massillargue (p\u00e9riscolaire)<\/p>\n<h1 class=\"Typo-h1 UserProfile-infos-name\">Brice Haziza<\/h1>\n<p>&nbsp;<\/p>\n<p><img loading=\"lazy\" decoding=\"async\" class=\" wp-image-14 alignleft\" src=\"https:\/\/notreetoile.fr\/wp-content\/uploads\/2023\/07\/Brice.jpg\" alt=\"\" width=\"250\" height=\"250\" srcset=\"https:\/\/notreetoile.fr\/wp-content\/uploads\/2023\/07\/Brice.jpg 300w, https:\/\/notreetoile.fr\/wp-content\/uploads\/2023\/07\/Brice-150x150.jpg 150w\" sizes=\"auto, (max-width: 250px) 100vw, 250px\" \/>Je suis m\u00e9diateur scientifique sp\u00e9cialis\u00e9 en astronomie et esprit critique, plan\u00e9tariste et r\u00e9dacteur scientifique (<a href=\"https:\/\/www.lesnumeriques.com\/auteur\/665\/brice-haziza\">mes articles ici<\/a>).<\/p>\n<p>Apr\u00e8s avoir anim\u00e9 pendant six ans un plan\u00e9tarium, organis\u00e9 des \u00e9v\u00e9nements publics et re\u00e7u des centaines de classes, je me suis aper\u00e7u combien l&#8217;astronomie \u00e9tait un magnifique vecteur de connaissances et de curiosit\u00e9 chez le public et les scolaires.<\/p>\n<p>C&#8217;est en partant de ce constat que j&#8217;ai d\u00e9cid\u00e9 de cr\u00e9er &#8220;Notre \u00c9toile&#8221; en me sp\u00e9cialisant dans les interventions scolaires et les interventions dans les collectivit\u00e9s.<\/p>\n<p>Je suis \u00e9galement membre du Caf\u00e9 des Sciences d&#8217;Avignon, partenaire r\u00e9guliers des manifestations de diffusion de la culture scientifique, tels que les F\u00eates de la Science, ainsi que r\u00e9dacteur chez &#8220;Les Num\u00e9riques&#8221;.<\/p>\n","protected":false},"excerpt":{"rendered":"<p>Ils parlent de nos interventions : Lyc\u00e9e Ren\u00e9 Char, pour &#8220;Le futur de la conqu\u00eate spatiale&#8221; Coll\u00e8ge Alpilles-Durance pour &#8220;L&#8217;invention du temps&#8221; Coll\u00e8ge Viala pour 2 conf\u00e9rences Universit\u00e9s \/ Lyc\u00e9es \/ Coll\u00e8ges \/ \u00c9coles avec qui nous travaillons : IUT Brabois &#8211; Lyc\u00e9e Genevi\u00e8ve Anthonioz de Gaulle &#8211; Lyc\u00e9e Jean d&#8217;Ormesson &#8211; Lyc\u00e9e Ren\u00e9 Char [&hellip;]<\/p>\n","protected":false},"author":1,"featured_media":0,"parent":0,"menu_order":0,"comment_status":"closed","ping_status":"closed","template":"","meta":{"footnotes":""},"class_list":["post-34","page","type-page","status-publish","czr-hentry"],"_links":{"self":[{"href":"https:\/\/notreetoile.fr\/index.php?rest_route=\/wp\/v2\/pages\/34","targetHints":{"allow":["GET"]}}],"collection":[{"href":"https:\/\/notreetoile.fr\/index.php?rest_route=\/wp\/v2\/pages"}],"about":[{"href":"https:\/\/notreetoile.fr\/index.php?rest_route=\/wp\/v2\/types\/page"}],"author":[{"embeddable":true,"href":"https:\/\/notreetoile.fr\/index.php?rest_route=\/wp\/v2\/users\/1"}],"replies":[{"embeddable":true,"href":"https:\/\/notreetoile.fr\/index.php?rest_route=%2Fwp%2Fv2%2Fcomments&post=34"}],"version-history":[{"count":6,"href":"https:\/\/notreetoile.fr\/index.php?rest_route=\/wp\/v2\/pages\/34\/revisions"}],"predecessor-version":[{"id":195,"href":"https:\/\/notreetoile.fr\/index.php?rest_route=\/wp\/v2\/pages\/34\/revisions\/195"}],"wp:attachment":[{"href":"https:\/\/notreetoile.fr\/index.php?rest_route=%2Fwp%2Fv2%2Fmedia&parent=34"}],"curies":[{"name":"wp","href":"https:\/\/api.w.org\/{rel}","templated":true}]}}